{"id":32210,"date":"2021-06-23T14:21:47","date_gmt":"2021-06-23T17:21:47","guid":{"rendered":"http:\/\/nextware.com.ar\/blog\/?page_id=32210"},"modified":"2021-06-23T14:35:48","modified_gmt":"2021-06-23T17:35:48","slug":"casos-de-exito","status":"publish","type":"page","link":"https:\/\/nextware.com.ar\/blog\/casos-de-exito\/","title":{"rendered":"Casos de \u00c9xito | Nextware"},"content":{"rendered":"\t\t<div data-elementor-type=\"wp-page\" data-elementor-id=\"32210\" class=\"elementor elementor-32210\" data-elementor-settings=\"[]\">\n\t\t\t\t\t\t\t<div class=\"elementor-section-wrap\">\n\t\t\t\t\t\t\t<section class=\"elementor-section elementor-top-section elementor-element elementor-element-594446c elementor-section-boxed elementor-section-height-default elementor-section-height-default\" data-id=\"594446c\" data-element_type=\"section\">\n\t\t\t\t\t\t<div class=\"elementor-container elementor-column-gap-wider\">\n\t\t\t\t\t<div class=\"elementor-column elementor-col-100 elementor-top-column elementor-element elementor-element-705c95c\" data-id=\"705c95c\" data-element_type=\"column\">\n\t\t\t<div class=\"elementor-widget-wrap elementor-element-populated\">\n\t\t\t\t\t\t\t\t\t<\/div>\n\t\t<\/div>\n\t\t\t\t\t\t\t<\/div>\n\t\t<\/section>\n\t\t\t\t\t\t<\/div>\n\t\t\t\t\t<\/div>\n\t\t","protected":false},"excerpt":{"rendered":"<p>Caso de \u00e9xito: EXACTIAN. Optimizaci\u00f3n Cloud. Casos de \u00c9xito, Servidores en la nube1 junio, 2021Leave a comment A continuaci\u00f3n, veremos los detalles del exitoso proyecto de migraci\u00f3n Cloud de Sistemas y Aplicaciones que hemos liderado desde Nextware con el objetivo de mejorar el nivel de disponibilidad de acceso a los sistemas por parte de los&hellip;<\/p>\n","protected":false},"author":1,"featured_media":0,"parent":0,"menu_order":10,"comment_status":"closed","ping_status":"closed","template":"elementor_header_footer","meta":[],"class_list":["post-32210","page","type-page","status-publish","hentry","description-off"],"yoast_head":"<!-- This site is optimized with the Yoast SEO plugin v17.4 - https:\/\/yoast.com\/wordpress\/plugins\/seo\/ -->\n<title>Casos de \u00c9xito | Nextware - Nextware - Blog<\/title>\n<meta name=\"robots\" content=\"index, follow, max-snippet:-1, max-image-preview:large, max-video-preview:-1\" \/>\n<link rel=\"canonical\" href=\"https:\/\/nextware.com.ar\/blog\/casos-de-exito\/\" \/>\n<meta property=\"og:locale\" content=\"es_ES\" \/>\n<meta property=\"og:type\" content=\"article\" \/>\n<meta property=\"og:title\" content=\"Casos de \u00c9xito | Nextware - Nextware - Blog\" \/>\n<meta property=\"og:description\" content=\"Caso de \u00e9xito: EXACTIAN. Optimizaci\u00f3n Cloud. Casos de \u00c9xito, Servidores en la nube1 junio, 2021Leave a comment A continuaci\u00f3n, veremos los detalles del exitoso proyecto de migraci\u00f3n Cloud de Sistemas y Aplicaciones que hemos liderado desde Nextware con el objetivo de mejorar el nivel de disponibilidad de acceso a los sistemas por parte de los&hellip;\" \/>\n<meta property=\"og:url\" content=\"https:\/\/nextware.com.ar\/blog\/casos-de-exito\/\" \/>\n<meta property=\"og:site_name\" content=\"Nextware - Blog\" \/>\n<meta property=\"article:modified_time\" content=\"2021-06-23T17:35:48+00:00\" \/>\n<meta property=\"og:image\" content=\"\" \/>\n<meta name=\"twitter:card\" content=\"summary_large_image\" \/>\n<meta name=\"twitter:label1\" content=\"Tiempo de lectura\" \/>\n\t<meta name=\"twitter:data1\" content=\"3 minutos\" \/>\n<script type=\"application\/ld+json\" class=\"yoast-schema-graph\">{\"@context\":\"https:\/\/schema.org\",\"@graph\":[{\"@type\":\"WebSite\",\"@id\":\"https:\/\/nextware.com.ar\/blog\/#website\",\"url\":\"https:\/\/nextware.com.ar\/blog\/\",\"name\":\"Nextware - Blog\",\"description\":\"Servicios y Soluciones de Ciberseguridad, Infraestructura IT, Servicios Cloud y Transformaci\\u00f3n Digital para las Pymes Argentinas.\",\"potentialAction\":[{\"@type\":\"SearchAction\",\"target\":{\"@type\":\"EntryPoint\",\"urlTemplate\":\"https:\/\/nextware.com.ar\/blog\/?s={search_term_string}\"},\"query-input\":\"required name=search_term_string\"}],\"inLanguage\":\"es\"},{\"@type\":\"ImageObject\",\"@id\":\"https:\/\/nextware.com.ar\/blog\/casos-de-exito\/#primaryimage\",\"inLanguage\":\"es\",\"url\":\"data:image\/svg+xml,%3Csvg%20xmlns%3D&#39;http%3A%2F%2Fwww.w3.org%2F2000%2Fsvg&#39;%20viewBox%3D&#39;0%200%20787%20450&#39;%2F%3E\",\"contentUrl\":\"data:image\/svg+xml,%3Csvg%20xmlns%3D&#39;http%3A%2F%2Fwww.w3.org%2F2000%2Fsvg&#39;%20viewBox%3D&#39;0%200%20787%20450&#39;%2F%3E\"},{\"@type\":\"WebPage\",\"@id\":\"https:\/\/nextware.com.ar\/blog\/casos-de-exito\/#webpage\",\"url\":\"https:\/\/nextware.com.ar\/blog\/casos-de-exito\/\",\"name\":\"Casos de \\u00c9xito | Nextware - Nextware - Blog\",\"isPartOf\":{\"@id\":\"https:\/\/nextware.com.ar\/blog\/#website\"},\"primaryImageOfPage\":{\"@id\":\"https:\/\/nextware.com.ar\/blog\/casos-de-exito\/#primaryimage\"},\"datePublished\":\"2021-06-23T17:21:47+00:00\",\"dateModified\":\"2021-06-23T17:35:48+00:00\",\"breadcrumb\":{\"@id\":\"https:\/\/nextware.com.ar\/blog\/casos-de-exito\/#breadcrumb\"},\"inLanguage\":\"es\",\"potentialAction\":[{\"@type\":\"ReadAction\",\"target\":[\"https:\/\/nextware.com.ar\/blog\/casos-de-exito\/\"]}]},{\"@type\":\"BreadcrumbList\",\"@id\":\"https:\/\/nextware.com.ar\/blog\/casos-de-exito\/#breadcrumb\",\"itemListElement\":[{\"@type\":\"ListItem\",\"position\":1,\"name\":\"Portada\",\"item\":\"https:\/\/nextware.com.ar\/blog\/\"},{\"@type\":\"ListItem\",\"position\":2,\"name\":\"Casos de \\u00c9xito | Nextware\"}]}]}<\/script>\n<!-- \/ Yoast SEO plugin. -->","yoast_head_json":{"title":"Casos de \u00c9xito | Nextware - Nextware - Blog","robots":{"index":"index","follow":"follow","max-snippet":"max-snippet:-1","max-image-preview":"max-image-preview:large","max-video-preview":"max-video-preview:-1"},"canonical":"https:\/\/nextware.com.ar\/blog\/casos-de-exito\/","og_locale":"es_ES","og_type":"article","og_title":"Casos de \u00c9xito | Nextware - Nextware - Blog","og_description":"Caso de \u00e9xito: EXACTIAN. Optimizaci\u00f3n Cloud. Casos de \u00c9xito, Servidores en la nube1 junio, 2021Leave a comment A continuaci\u00f3n, veremos los detalles del exitoso proyecto de migraci\u00f3n Cloud de Sistemas y Aplicaciones que hemos liderado desde Nextware con el objetivo de mejorar el nivel de disponibilidad de acceso a los sistemas por parte de los&hellip;","og_url":"https:\/\/nextware.com.ar\/blog\/casos-de-exito\/","og_site_name":"Nextware - Blog","article_modified_time":"2021-06-23T17:35:48+00:00","og_image":[{"url":"data:image\/svg+xml,%3Csvg%20xmlns%3D&#39;http%3A%2F%2Fwww.w3.org%2F2000%2Fsvg&#39;%20viewBox%3D&#39;0%200%20787%20450&#39;%2F%3E"}],"twitter_card":"summary_large_image","twitter_misc":{"Tiempo de lectura":"3 minutos"},"schema":{"@context":"https:\/\/schema.org","@graph":[{"@type":"WebSite","@id":"https:\/\/nextware.com.ar\/blog\/#website","url":"https:\/\/nextware.com.ar\/blog\/","name":"Nextware - Blog","description":"Servicios y Soluciones de Ciberseguridad, Infraestructura IT, Servicios Cloud y Transformaci\u00f3n Digital para las Pymes Argentinas.","potentialAction":[{"@type":"SearchAction","target":{"@type":"EntryPoint","urlTemplate":"https:\/\/nextware.com.ar\/blog\/?s={search_term_string}"},"query-input":"required name=search_term_string"}],"inLanguage":"es"},{"@type":"ImageObject","@id":"https:\/\/nextware.com.ar\/blog\/casos-de-exito\/#primaryimage","inLanguage":"es","url":"data:image\/svg+xml,%3Csvg%20xmlns%3D&#39;http%3A%2F%2Fwww.w3.org%2F2000%2Fsvg&#39;%20viewBox%3D&#39;0%200%20787%20450&#39;%2F%3E","contentUrl":"data:image\/svg+xml,%3Csvg%20xmlns%3D&#39;http%3A%2F%2Fwww.w3.org%2F2000%2Fsvg&#39;%20viewBox%3D&#39;0%200%20787%20450&#39;%2F%3E"},{"@type":"WebPage","@id":"https:\/\/nextware.com.ar\/blog\/casos-de-exito\/#webpage","url":"https:\/\/nextware.com.ar\/blog\/casos-de-exito\/","name":"Casos de \u00c9xito | Nextware - Nextware - Blog","isPartOf":{"@id":"https:\/\/nextware.com.ar\/blog\/#website"},"primaryImageOfPage":{"@id":"https:\/\/nextware.com.ar\/blog\/casos-de-exito\/#primaryimage"},"datePublished":"2021-06-23T17:21:47+00:00","dateModified":"2021-06-23T17:35:48+00:00","breadcrumb":{"@id":"https:\/\/nextware.com.ar\/blog\/casos-de-exito\/#breadcrumb"},"inLanguage":"es","potentialAction":[{"@type":"ReadAction","target":["https:\/\/nextware.com.ar\/blog\/casos-de-exito\/"]}]},{"@type":"BreadcrumbList","@id":"https:\/\/nextware.com.ar\/blog\/casos-de-exito\/#breadcrumb","itemListElement":[{"@type":"ListItem","position":1,"name":"Portada","item":"https:\/\/nextware.com.ar\/blog\/"},{"@type":"ListItem","position":2,"name":"Casos de \u00c9xito | Nextware"}]}]}},"_links":{"self":[{"href":"https:\/\/nextware.com.ar\/blog\/wp-json\/wp\/v2\/pages\/32210","targetHints":{"allow":["GET"]}}],"collection":[{"href":"https:\/\/nextware.com.ar\/blog\/wp-json\/wp\/v2\/pages"}],"about":[{"href":"https:\/\/nextware.com.ar\/blog\/wp-json\/wp\/v2\/types\/page"}],"author":[{"embeddable":true,"href":"https:\/\/nextware.com.ar\/blog\/wp-json\/wp\/v2\/users\/1"}],"replies":[{"embeddable":true,"href":"https:\/\/nextware.com.ar\/blog\/wp-json\/wp\/v2\/comments?post=32210"}],"version-history":[{"count":4,"href":"https:\/\/nextware.com.ar\/blog\/wp-json\/wp\/v2\/pages\/32210\/revisions"}],"predecessor-version":[{"id":32214,"href":"https:\/\/nextware.com.ar\/blog\/wp-json\/wp\/v2\/pages\/32210\/revisions\/32214"}],"wp:attachment":[{"href":"https:\/\/nextware.com.ar\/blog\/wp-json\/wp\/v2\/media?parent=32210"}],"curies":[{"name":"wp","href":"https:\/\/api.w.org\/{rel}","templated":true}]}}